{"id":3167,"date":"2021-07-27T14:44:59","date_gmt":"2021-07-27T14:44:59","guid":{"rendered":"https:\/\/fariamorouco.pt\/?page_id=3167"},"modified":"2021-07-29T23:09:57","modified_gmt":"2021-07-29T23:09:57","slug":"recruitment","status":"publish","type":"page","link":"https:\/\/fariamorouco.pt\/index.php\/en\/recruitment\/","title":{"rendered":"Recruitment"},"content":{"rendered":"\t\t<div data-elementor-type=\"wp-page\" data-elementor-id=\"3167\" class=\"elementor elementor-3167\" data-elementor-settings=\"[]\">\n\t\t\t\t\t\t<div class=\"elementor-inner\">\n\t\t\t\t\t\t\t<div class=\"elementor-section-wrap\">\n\t\t\t\t\t\t\t<section data-particle_enable=\"false\" data-particle-mobile-disabled=\"false\" class=\"elementor-section elementor-top-section elementor-element elementor-element-baee91c elementor-section-full_width elementor-section-height-min-height elementor-section-height-default elementor-section-items-middle\" data-id=\"baee91c\" data-element_type=\"section\" data-settings=\"{&quot;background_background&quot;:&quot;classic&quot;}\">\n\t\t\t\t\t\t\t<div class=\"elementor-background-overlay\"><\/div>\n\t\t\t\t\t\t\t<div class=\"elementor-container elementor-column-gap-default\">\n\t\t\t\t\t\t\t<div class=\"elementor-row\">\n\t\t\t\t\t<div class=\"elementor-column elementor-col-100 elementor-top-column elementor-element elementor-element-8a3d322\" data-id=\"8a3d322\" data-element_type=\"column\">\n\t\t\t<div class=\"elementor-column-wrap elementor-element-populated\">\n\t\t\t\t\t\t\t<div class=\"elementor-widget-wrap\">\n\t\t\t\t\t\t<div class=\"elementor-element elementor-element-f3b0aeb animated-fast elementor-invisible elementor-widget elementor-widget-heading\" data-id=\"f3b0aeb\" data-element_type=\"widget\" data-settings=\"{&quot;_animation&quot;:&quot;fadeIn&quot;}\" data-widget_type=\"heading.default\">\n\t\t\t\t<div class=\"elementor-widget-container\">\n\t\t\t<h3 class=\"elementor-heading-title elementor-size-default\">Recruitment<\/h3>\t\t<\/div>\n\t\t\t\t<\/div>\n\t\t\t\t<div class=\"elementor-element elementor-element-6d589b6 elementor-invisible elementor-widget elementor-widget-text-editor\" data-id=\"6d589b6\" data-element_type=\"widget\" data-settings=\"{&quot;_animation&quot;:&quot;fadeIn&quot;}\" data-widget_type=\"text-editor.default\">\n\t\t\t\t<div class=\"elementor-widget-container\">\n\t\t\t\t\t<div class=\"elementor-text-editor elementor-clearfix\"><p>Join the Faria &amp; Morou\u00e7o team<\/p><\/div>\n\t\t\t\t<\/div>\n\t\t\t\t<\/div>\n\t\t\t\t\t\t<\/div>\n\t\t\t\t\t<\/div>\n\t\t<\/div>\n\t\t\t\t\t\t\t\t<\/div>\n\t\t\t\t\t<\/div>\n\t\t<\/section>\n\t\t\t\t<section data-particle_enable=\"false\" data-particle-mobile-disabled=\"false\" class=\"elementor-section elementor-top-section elementor-element elementor-element-8e3b197 elementor-section-full_width elementor-section-height-default elementor-section-height-default\" data-id=\"8e3b197\" data-element_type=\"section\">\n\t\t\t\t\t\t<div class=\"elementor-container elementor-column-gap-default\">\n\t\t\t\t\t\t\t<div class=\"elementor-row\">\n\t\t\t\t\t<div class=\"elementor-column elementor-col-100 elementor-top-column elementor-element elementor-element-25de0be\" data-id=\"25de0be\" data-element_type=\"column\">\n\t\t\t<div class=\"elementor-column-wrap elementor-element-populated\">\n\t\t\t\t\t\t\t<div class=\"elementor-widget-wrap\">\n\t\t\t\t\t\t<div class=\"elementor-element elementor-element-5a13520 elementor-widget elementor-widget-heading\" data-id=\"5a13520\" data-element_type=\"widget\" data-widget_type=\"heading.default\">\n\t\t\t\t<div class=\"elementor-widget-container\">\n\t\t\t<h2 class=\"elementor-heading-title elementor-size-default\">Fill out the form<\/h2>\t\t<\/div>\n\t\t\t\t<\/div>\n\t\t\t\t<div class=\"elementor-element elementor-element-b24e230 elementor-widget elementor-widget-text-editor\" data-id=\"b24e230\" data-element_type=\"widget\" data-widget_type=\"text-editor.default\">\n\t\t\t\t<div class=\"elementor-widget-container\">\n\t\t\t\t\t<div class=\"elementor-text-editor elementor-clearfix\"><p>Our team is constantly growing and developing. Apply via the form below to join Faria &amp; Morou\u00e7o.<\/p><\/div>\n\t\t\t\t<\/div>\n\t\t\t\t<\/div>\n\t\t\t\t<div class=\"elementor-element elementor-element-bf025fc elementor-button-align-center elementor-widget elementor-widget-form\" data-id=\"bf025fc\" data-element_type=\"widget\" data-settings=\"{&quot;step_next_label&quot;:&quot;Next&quot;,&quot;step_previous_label&quot;:&quot;Previous&quot;,&quot;button_width&quot;:&quot;100&quot;,&quot;step_type&quot;:&quot;number_text&quot;,&quot;step_icon_shape&quot;:&quot;circle&quot;}\" data-widget_type=\"form.default\">\n\t\t\t\t<div class=\"elementor-widget-container\">\n\t\t\t\t\t<form class=\"elementor-form\" method=\"post\" name=\"New Form\">\n\t\t\t<input type=\"hidden\" name=\"post_id\" value=\"3167\"\/>\n\t\t\t<input type=\"hidden\" name=\"form_id\" value=\"bf025fc\"\/>\n\n\t\t\t\n\t\t\t<div class=\"elementor-form-fields-wrapper elementor-labels-above\">\n\t\t\t\t\t\t\t\t<div class=\"elementor-field-type-text elementor-field-group elementor-column elementor-field-group-name elementor-col-50 elementor-field-required elementor-mark-required\">\n\t\t\t\t\t<label for=\"form-field-name\" class=\"elementor-field-label\">Name<\/label><input size=\"1\" type=\"text\" name=\"form_fields[name]\" id=\"form-field-name\" class=\"elementor-field elementor-size-sm  elementor-field-textual\" placeholder=\"Full Name\" required=\"required\" aria-required=\"true\">\t\t\t\t<\/div>\n\t\t\t\t\t\t\t\t<div class=\"elementor-field-type-email elementor-field-group elementor-column elementor-field-group-email elementor-col-50 elementor-field-required elementor-mark-required\">\n\t\t\t\t\t<label for=\"form-field-email\" class=\"elementor-field-label\">Email Address<\/label><input size=\"1\" type=\"email\" name=\"form_fields[email]\" id=\"form-field-email\" class=\"elementor-field elementor-size-sm  elementor-field-textual\" placeholder=\"Email Adress\" required=\"required\" aria-required=\"true\">\t\t\t\t<\/div>\n\t\t\t\t\t\t\t\t<div class=\"elementor-field-type-date elementor-field-group elementor-column elementor-field-group-field_4df1412 elementor-col-50 elementor-field-required elementor-mark-required\">\n\t\t\t\t\t<label for=\"form-field-field_4df1412\" class=\"elementor-field-label\">Date<\/label><input type=\"date\" name=\"form_fields[field_4df1412]\" id=\"form-field-field_4df1412\" class=\"elementor-field elementor-size-sm  elementor-field-textual elementor-date-field\" placeholder=\"Date of Birth\" required=\"required\" aria-required=\"true\" pattern=\"[0-9]{4}-[0-9]{2}-[0-9]{2}\">\t\t\t\t<\/div>\n\t\t\t\t\t\t\t\t<div class=\"elementor-field-type-text elementor-field-group elementor-column elementor-field-group-field_e2ffea3 elementor-col-25 elementor-field-required elementor-mark-required\">\n\t\t\t\t\t<label for=\"form-field-field_e2ffea3\" class=\"elementor-field-label\">Nationality<\/label><input size=\"1\" type=\"text\" name=\"form_fields[field_e2ffea3]\" id=\"form-field-field_e2ffea3\" class=\"elementor-field elementor-size-sm  elementor-field-textual\" placeholder=\"Nationality\" required=\"required\" aria-required=\"true\">\t\t\t\t<\/div>\n\t\t\t\t\t\t\t\t<div class=\"elementor-field-type-text elementor-field-group elementor-column elementor-field-group-field_6743bb9 elementor-col-25 elementor-field-required elementor-mark-required\">\n\t\t\t\t\t<label for=\"form-field-field_6743bb9\" class=\"elementor-field-label\">Place of Birth<\/label><input size=\"1\" type=\"text\" name=\"form_fields[field_6743bb9]\" id=\"form-field-field_6743bb9\" class=\"elementor-field elementor-size-sm  elementor-field-textual\" placeholder=\"Place of Birth\" required=\"required\" aria-required=\"true\">\t\t\t\t<\/div>\n\t\t\t\t\t\t\t\t<div class=\"elementor-field-type-text elementor-field-group elementor-column elementor-field-group-field_42468f8 elementor-col-50 elementor-field-required elementor-mark-required\">\n\t\t\t\t\t<label for=\"form-field-field_42468f8\" class=\"elementor-field-label\">Address<\/label><input size=\"1\" type=\"text\" name=\"form_fields[field_42468f8]\" id=\"form-field-field_42468f8\" class=\"elementor-field elementor-size-sm  elementor-field-textual\" placeholder=\"Address\" required=\"required\" aria-required=\"true\">\t\t\t\t<\/div>\n\t\t\t\t\t\t\t\t<div class=\"elementor-field-type-text elementor-field-group elementor-column elementor-field-group-field_15b6409 elementor-col-25 elementor-field-required elementor-mark-required\">\n\t\t\t\t\t<label for=\"form-field-field_15b6409\" class=\"elementor-field-label\">City<\/label><input size=\"1\" type=\"text\" name=\"form_fields[field_15b6409]\" id=\"form-field-field_15b6409\" class=\"elementor-field elementor-size-sm  elementor-field-textual\" placeholder=\"City\" required=\"required\" aria-required=\"true\">\t\t\t\t<\/div>\n\t\t\t\t\t\t\t\t<div class=\"elementor-field-type-text elementor-field-group elementor-column elementor-field-group-field_82ab59d elementor-col-25 elementor-field-required elementor-mark-required\">\n\t\t\t\t\t<label for=\"form-field-field_82ab59d\" class=\"elementor-field-label\">Postcode<\/label><input size=\"1\" type=\"text\" name=\"form_fields[field_82ab59d]\" id=\"form-field-field_82ab59d\" class=\"elementor-field elementor-size-sm  elementor-field-textual\" placeholder=\"Postcode\" required=\"required\" aria-required=\"true\">\t\t\t\t<\/div>\n\t\t\t\t\t\t\t\t<div class=\"elementor-field-type-tel elementor-field-group elementor-column elementor-field-group-field_53d4966 elementor-col-50 elementor-field-required elementor-mark-required\">\n\t\t\t\t\t<label for=\"form-field-field_53d4966\" class=\"elementor-field-label\">Phone Number<\/label><input size=\"1\" type=\"tel\" name=\"form_fields[field_53d4966]\" id=\"form-field-field_53d4966\" class=\"elementor-field elementor-size-sm  elementor-field-textual\" placeholder=\"Phone Number\" required=\"required\" aria-required=\"true\" pattern=\"[0-9()#&amp;+*-=.]+\" title=\"Only numbers and phone characters (#, -, *, etc) are accepted.\">\t\t\t\t<\/div>\n\t\t\t\t\t\t\t\t<div class=\"elementor-field-type-select elementor-field-group elementor-column elementor-field-group-field_0f9fc37 elementor-col-50 elementor-field-required elementor-mark-required\">\n\t\t\t\t\t<label for=\"form-field-field_0f9fc37\" class=\"elementor-field-label\">Current Employment Status<\/label>\t\t<div class=\"elementor-field elementor-select-wrapper \">\n\t\t\t<select name=\"form_fields[field_0f9fc37]\" id=\"form-field-field_0f9fc37\" class=\"elementor-field-textual elementor-size-sm\" required=\"required\" aria-required=\"true\">\n\t\t\t\t<option value=\"Unemployed \">Unemployed <\/option><option value=\"Student \">Student <\/option><option value=\"Employed (seeking change)\">Employed (seeking change)<\/option>\t\t\t<\/select>\n\t\t<\/div>\n\t\t\t\t\t\t<\/div>\n\t\t\t\t\t\t\t\t<div class=\"elementor-field-type-select elementor-field-group elementor-column elementor-field-group-field_6b0b3e6 elementor-col-50 elementor-field-required elementor-mark-required\">\n\t\t\t\t\t<label for=\"form-field-field_6b0b3e6\" class=\"elementor-field-label\">Habilita\u00e7\u00f5es Liter\u00e1rias<\/label>\t\t<div class=\"elementor-field elementor-select-wrapper \">\n\t\t\t<select name=\"form_fields[field_6b0b3e6]\" id=\"form-field-field_6b0b3e6\" class=\"elementor-field-textual elementor-size-sm\" required=\"required\" aria-required=\"true\">\n\t\t\t\t<option value=\"Key Stage1\">Key Stage1<\/option><option value=\"Key Stage 2 \">Key Stage 2 <\/option><option value=\"Key Stage 3 \">Key Stage 3 <\/option><option value=\"Secondary Education\">Secondary Education<\/option><option value=\"Secondary Education (Vocational Course) Degree\">Secondary Education (Vocational Course) Degree<\/option><option value=\"Master\">Master<\/option><option value=\"Postgraduate degree\">Postgraduate degree<\/option>\t\t\t<\/select>\n\t\t<\/div>\n\t\t\t\t\t\t<\/div>\n\t\t\t\t\t\t\t\t<div class=\"elementor-field-type-text elementor-field-group elementor-column elementor-field-group-field_5b63847 elementor-col-50 elementor-field-required elementor-mark-required\">\n\t\t\t\t\t<label for=\"form-field-field_5b63847\" class=\"elementor-field-label\">Subject of study<\/label><input size=\"1\" type=\"text\" name=\"form_fields[field_5b63847]\" id=\"form-field-field_5b63847\" class=\"elementor-field elementor-size-sm  elementor-field-textual\" placeholder=\"Subject of study\" required=\"required\" aria-required=\"true\">\t\t\t\t<\/div>\n\t\t\t\t\t\t\t\t<div class=\"elementor-field-type-radio elementor-field-group elementor-column elementor-field-group-field_27bd502 elementor-col-50 elementor-field-required elementor-mark-required\">\n\t\t\t\t\t<label for=\"form-field-field_27bd502\" class=\"elementor-field-label\">Position you are applying for<\/label><div class=\"elementor-field-subgroup  elementor-subgroup-inline\"><span class=\"elementor-field-option\"><input type=\"radio\" value=\"Production \" id=\"form-field-field_27bd502-0\" name=\"form_fields[field_27bd502]\" required=\"required\" aria-required=\"true\"> <label for=\"form-field-field_27bd502-0\">Production <\/label><\/span><span class=\"elementor-field-option\"><input type=\"radio\" value=\"Quality \" id=\"form-field-field_27bd502-1\" name=\"form_fields[field_27bd502]\" required=\"required\" aria-required=\"true\"> <label for=\"form-field-field_27bd502-1\">Quality <\/label><\/span><span class=\"elementor-field-option\"><input type=\"radio\" value=\"Packaging \" id=\"form-field-field_27bd502-2\" name=\"form_fields[field_27bd502]\" required=\"required\" aria-required=\"true\"> <label for=\"form-field-field_27bd502-2\">Packaging <\/label><\/span><span class=\"elementor-field-option\"><input type=\"radio\" value=\"Warehouse \" id=\"form-field-field_27bd502-3\" name=\"form_fields[field_27bd502]\" required=\"required\" aria-required=\"true\"> <label for=\"form-field-field_27bd502-3\">Warehouse <\/label><\/span><span class=\"elementor-field-option\"><input type=\"radio\" value=\"Other\" id=\"form-field-field_27bd502-4\" name=\"form_fields[field_27bd502]\" required=\"required\" aria-required=\"true\"> <label for=\"form-field-field_27bd502-4\">Other<\/label><\/span><\/div>\t\t\t\t<\/div>\n\t\t\t\t\t\t\t\t<div class=\"elementor-field-type-text elementor-field-group elementor-column elementor-field-group-field_2cf7b4a elementor-col-50 elementor-field-required elementor-mark-required\">\n\t\t\t\t\t<label for=\"form-field-field_2cf7b4a\" class=\"elementor-field-label\">If you chose other, please indicate which <\/label><input size=\"1\" type=\"text\" name=\"form_fields[field_2cf7b4a]\" id=\"form-field-field_2cf7b4a\" class=\"elementor-field elementor-size-sm  elementor-field-textual\" placeholder=\"Position you are applying for\" required=\"required\" aria-required=\"true\">\t\t\t\t<\/div>\n\t\t\t\t\t\t\t\t<div class=\"elementor-field-type-radio elementor-field-group elementor-column elementor-field-group-field_b6cd9c7 elementor-col-33 elementor-field-required elementor-mark-required\">\n\t\t\t\t\t<label for=\"form-field-field_b6cd9c7\" class=\"elementor-field-label\">Available for shift work?<\/label><div class=\"elementor-field-subgroup  elementor-subgroup-inline\"><span class=\"elementor-field-option\"><input type=\"radio\" value=\"yes\" id=\"form-field-field_b6cd9c7-0\" name=\"form_fields[field_b6cd9c7]\" required=\"required\" aria-required=\"true\"> <label for=\"form-field-field_b6cd9c7-0\">yes<\/label><\/span><span class=\"elementor-field-option\"><input type=\"radio\" value=\"no\" id=\"form-field-field_b6cd9c7-1\" name=\"form_fields[field_b6cd9c7]\" required=\"required\" aria-required=\"true\"> <label for=\"form-field-field_b6cd9c7-1\">no<\/label><\/span><\/div>\t\t\t\t<\/div>\n\t\t\t\t\t\t\t\t<div class=\"elementor-field-type-radio elementor-field-group elementor-column elementor-field-group-field_1e69cc1 elementor-col-33 elementor-field-required elementor-mark-required\">\n\t\t\t\t\t<label for=\"form-field-field_1e69cc1\" class=\"elementor-field-label\">Available to do overtime?<\/label><div class=\"elementor-field-subgroup  elementor-subgroup-inline\"><span class=\"elementor-field-option\"><input type=\"radio\" value=\"yes \" id=\"form-field-field_1e69cc1-0\" name=\"form_fields[field_1e69cc1]\" required=\"required\" aria-required=\"true\"> <label for=\"form-field-field_1e69cc1-0\">yes <\/label><\/span><span class=\"elementor-field-option\"><input type=\"radio\" value=\"no\" id=\"form-field-field_1e69cc1-1\" name=\"form_fields[field_1e69cc1]\" required=\"required\" aria-required=\"true\"> <label for=\"form-field-field_1e69cc1-1\">no<\/label><\/span><\/div>\t\t\t\t<\/div>\n\t\t\t\t\t\t\t\t<div class=\"elementor-field-type-radio elementor-field-group elementor-column elementor-field-group-field_b3dec43 elementor-col-33 elementor-field-required elementor-mark-required\">\n\t\t\t\t\t<label for=\"form-field-field_b3dec43\" class=\"elementor-field-label\">Driving license?<\/label><div class=\"elementor-field-subgroup  elementor-subgroup-inline\"><span class=\"elementor-field-option\"><input type=\"radio\" value=\"yes\" id=\"form-field-field_b3dec43-0\" name=\"form_fields[field_b3dec43]\" required=\"required\" aria-required=\"true\"> <label for=\"form-field-field_b3dec43-0\">yes<\/label><\/span><span class=\"elementor-field-option\"><input type=\"radio\" value=\"no\" id=\"form-field-field_b3dec43-1\" name=\"form_fields[field_b3dec43]\" required=\"required\" aria-required=\"true\"> <label for=\"form-field-field_b3dec43-1\">no<\/label><\/span><\/div>\t\t\t\t<\/div>\n\t\t\t\t\t\t\t\t<div class=\"elementor-field-type-radio elementor-field-group elementor-column elementor-field-group-field_a5571a1 elementor-col-33 elementor-field-required elementor-mark-required\">\n\t\t\t\t\t<label for=\"form-field-field_a5571a1\" class=\"elementor-field-label\">Own a car?<\/label><div class=\"elementor-field-subgroup  elementor-subgroup-inline\"><span class=\"elementor-field-option\"><input type=\"radio\" value=\"yes\" id=\"form-field-field_a5571a1-0\" name=\"form_fields[field_a5571a1]\" required=\"required\" aria-required=\"true\"> <label for=\"form-field-field_a5571a1-0\">yes<\/label><\/span><span class=\"elementor-field-option\"><input type=\"radio\" value=\"no\" id=\"form-field-field_a5571a1-1\" name=\"form_fields[field_a5571a1]\" required=\"required\" aria-required=\"true\"> <label for=\"form-field-field_a5571a1-1\">no<\/label><\/span><\/div>\t\t\t\t<\/div>\n\t\t\t\t\t\t\t\t<div class=\"elementor-field-type-radio elementor-field-group elementor-column elementor-field-group-field_e47dff7 elementor-col-33 elementor-field-required elementor-mark-required\">\n\t\t\t\t\t<label for=\"form-field-field_e47dff7\" class=\"elementor-field-label\">Any health problems?<\/label><div class=\"elementor-field-subgroup  elementor-subgroup-inline\"><span class=\"elementor-field-option\"><input type=\"radio\" value=\"yes\" id=\"form-field-field_e47dff7-0\" name=\"form_fields[field_e47dff7]\" required=\"required\" aria-required=\"true\"> <label for=\"form-field-field_e47dff7-0\">yes<\/label><\/span><span class=\"elementor-field-option\"><input type=\"radio\" value=\"no\" id=\"form-field-field_e47dff7-1\" name=\"form_fields[field_e47dff7]\" required=\"required\" aria-required=\"true\"> <label for=\"form-field-field_e47dff7-1\">no<\/label><\/span><\/div>\t\t\t\t<\/div>\n\t\t\t\t\t\t\t\t<div class=\"elementor-field-type-text elementor-field-group elementor-column elementor-field-group-field_bbe5282 elementor-col-33\">\n\t\t\t\t\t<label for=\"form-field-field_bbe5282\" class=\"elementor-field-label\">If so, which one(s)<\/label><input size=\"1\" type=\"text\" name=\"form_fields[field_bbe5282]\" id=\"form-field-field_bbe5282\" class=\"elementor-field elementor-size-sm  elementor-field-textual\" placeholder=\"Please list your health problems (cardiac, respiratory, etc.)\">\t\t\t\t<\/div>\n\t\t\t\t\t\t\t\t<div class=\"elementor-field-type-textarea elementor-field-group elementor-column elementor-field-group-field_554fbc9 elementor-col-100\">\n\t\t\t\t\t<label for=\"form-field-field_554fbc9\" class=\"elementor-field-label\">Relevant information <\/label><textarea class=\"elementor-field-textual elementor-field  elementor-size-sm\" name=\"form_fields[field_554fbc9]\" id=\"form-field-field_554fbc9\" rows=\"2\" placeholder=\"Information you consider pertinent\"><\/textarea>\t\t\t\t<\/div>\n\t\t\t\t\t\t\t\t<div class=\"elementor-field-type-upload elementor-field-group elementor-column elementor-field-group-field_e0d374e elementor-col-100 elementor-field-required elementor-mark-required\">\n\t\t\t\t\t<label for=\"form-field-field_e0d374e\" class=\"elementor-field-label\">Upload your CV (max. 4MB)<\/label><input type=\"file\" name=\"form_fields[field_e0d374e]\" id=\"form-field-field_e0d374e\" class=\"elementor-field elementor-size-sm  elementor-upload-field\" required=\"required\" aria-required=\"true\" data-maxsize=\"4\" data-maxsize-message=\"This file exceeds the maximum allowed size.\">\t\t\t\t<\/div>\n\t\t\t\t\t\t\t\t<div class=\"elementor-field-type-checkbox elementor-field-group elementor-column elementor-field-group-field_37b46b9 elementor-col-100\">\n\t\t\t\t\t<div class=\"elementor-field-subgroup  \"><span class=\"elementor-field-option\"><input type=\"checkbox\" value=\"I have read and accept the terms and conditions of the Privacy Policy\" id=\"form-field-field_37b46b9-0\" name=\"form_fields[field_37b46b9]\"> <label for=\"form-field-field_37b46b9-0\">I have read and accept the terms and conditions of the Privacy Policy<\/label><\/span><\/div>\t\t\t\t<\/div>\n\t\t\t\t\t\t\t\t<div class=\"elementor-field-type-recaptcha elementor-field-group elementor-column elementor-field-group-field_0d0008f elementor-col-100\">\n\t\t\t\t\t<div class=\"elementor-field\" id=\"form-field-field_0d0008f\"><div class=\"elementor-g-recaptcha\" data-sitekey=\"6LeA24QaAAAAAO83ORzJ4Q-ONIIdxwp_nVdX0Y-k\" data-type=\"v2_checkbox\" data-theme=\"light\" data-size=\"normal\"><\/div><\/div>\t\t\t\t<\/div>\n\t\t\t\t\t\t\t\t<div class=\"elementor-field-group elementor-column elementor-field-type-submit elementor-col-100 e-form__buttons\">\n\t\t\t\t\t<button type=\"submit\" class=\"elementor-button elementor-size-sm\">\n\t\t\t\t\t\t<span >\n\t\t\t\t\t\t\t\t\t\t\t\t\t\t\t<span class=\" elementor-button-icon\">\n\t\t\t\t\t\t\t\t\t\t\t\t\t\t\t\t\t\t\t\t\t\t\t\t\t\t<\/span>\n\t\t\t\t\t\t\t\t\t\t\t\t\t\t\t\t\t\t\t\t\t\t<span class=\"elementor-button-text\">SUBMIT<\/span>\n\t\t\t\t\t\t\t\t\t\t\t\t\t<\/span>\n\t\t\t\t\t<\/button>\n\t\t\t\t<\/div>\n\t\t\t<\/div>\n\t\t<\/form>\n\t\t\t\t<\/div>\n\t\t\t\t<\/div>\n\t\t\t\t\t\t<\/div>\n\t\t\t\t\t<\/div>\n\t\t<\/div>\n\t\t\t\t\t\t\t\t<\/div>\n\t\t\t\t\t<\/div>\n\t\t<\/section>\n\t\t\t\t\t\t<\/div>\n\t\t\t\t\t\t<\/div>\n\t\t\t\t\t<\/div>\n\t\t","protected":false},"excerpt":{"rendered":"<p>Recruitment Join the Faria &amp; Morou\u00e7o team Fill out the form Our team is constantly growing and developing. Apply via the form below to join Faria &amp; Morou\u00e7o.<\/p>\n","protected":false},"author":2,"featured_media":0,"parent":0,"menu_order":0,"comment_status":"closed","ping_status":"closed","template":"elementor_header_footer","meta":[],"yoast_head":"<!-- This site is optimized with the Yoast SEO plugin v16.6.1 - https:\/\/yoast.com\/wordpress\/plugins\/seo\/ -->\n<title>Recruitment - Faria &amp; Morou\u00e7o<\/title>\n<meta name=\"robots\" content=\"index, follow, max-snippet:-1, max-image-preview:large, max-video-preview:-1\" \/>\n<link rel=\"canonical\" href=\"https:\/\/fariamorouco.pt\/index.php\/en\/recruitment\/\" \/>\n<meta property=\"og:locale\" content=\"en_US\" \/>\n<meta property=\"og:type\" content=\"article\" \/>\n<meta property=\"og:title\" content=\"Recruitment - Faria &amp; Morou\u00e7o\" \/>\n<meta property=\"og:description\" content=\"Recruitment Join the Faria &amp; Morou\u00e7o team Fill out the form Our team is constantly growing and developing. Apply via the form below to join Faria &amp; Morou\u00e7o.\" \/>\n<meta property=\"og:url\" content=\"https:\/\/fariamorouco.pt\/index.php\/en\/recruitment\/\" \/>\n<meta property=\"og:site_name\" content=\"Faria &amp; Morou\u00e7o\" \/>\n<meta property=\"article:modified_time\" content=\"2021-07-29T23:09:57+00:00\" \/>\n<meta name=\"twitter:card\" content=\"summary_large_image\" \/>\n<meta name=\"twitter:label1\" content=\"Est. reading time\" \/>\n\t<meta name=\"twitter:data1\" content=\"1 minute\" \/>\n<script type=\"application\/ld+json\" class=\"yoast-schema-graph\">{\"@context\":\"https:\/\/schema.org\",\"@graph\":[{\"@type\":\"Organization\",\"@id\":\"https:\/\/fariamorouco.pt\/#organization\",\"name\":\"Faria & Morou\\u00e7o \\u2013 Extrusion & Injection\",\"url\":\"https:\/\/fariamorouco.pt\/\",\"sameAs\":[\"https:\/\/www.linkedin.com\/company\/fariamorouco\/\"],\"logo\":{\"@type\":\"ImageObject\",\"@id\":\"https:\/\/fariamorouco.pt\/#logo\",\"inLanguage\":\"en-US\",\"url\":\"https:\/\/fariamorouco.pt\/wp-content\/uploads\/2021\/03\/cropped-favicon_fm-01.png\",\"contentUrl\":\"https:\/\/fariamorouco.pt\/wp-content\/uploads\/2021\/03\/cropped-favicon_fm-01.png\",\"width\":512,\"height\":512,\"caption\":\"Faria & Morou\\u00e7o \\u2013 Extrusion & Injection\"},\"image\":{\"@id\":\"https:\/\/fariamorouco.pt\/#logo\"}},{\"@type\":\"WebSite\",\"@id\":\"https:\/\/fariamorouco.pt\/#website\",\"url\":\"https:\/\/fariamorouco.pt\/\",\"name\":\"Faria & Morou\\u00e7o \\u2013 Extrusion & Injection\",\"description\":\"Extrusion &amp; Injection\",\"publisher\":{\"@id\":\"https:\/\/fariamorouco.pt\/#organization\"},\"potentialAction\":[{\"@type\":\"SearchAction\",\"target\":{\"@type\":\"EntryPoint\",\"urlTemplate\":\"https:\/\/fariamorouco.pt\/?s={search_term_string}\"},\"query-input\":\"required name=search_term_string\"}],\"inLanguage\":\"en-US\"},{\"@type\":\"WebPage\",\"@id\":\"https:\/\/fariamorouco.pt\/index.php\/en\/recruitment\/#webpage\",\"url\":\"https:\/\/fariamorouco.pt\/index.php\/en\/recruitment\/\",\"name\":\"Recruitment - Faria &amp; Morou\\u00e7o\",\"isPartOf\":{\"@id\":\"https:\/\/fariamorouco.pt\/#website\"},\"datePublished\":\"2021-07-27T14:44:59+00:00\",\"dateModified\":\"2021-07-29T23:09:57+00:00\",\"breadcrumb\":{\"@id\":\"https:\/\/fariamorouco.pt\/index.php\/en\/recruitment\/#breadcrumb\"},\"inLanguage\":\"en-US\",\"potentialAction\":[{\"@type\":\"ReadAction\",\"target\":[\"https:\/\/fariamorouco.pt\/index.php\/en\/recruitment\/\"]}]},{\"@type\":\"BreadcrumbList\",\"@id\":\"https:\/\/fariamorouco.pt\/index.php\/en\/recruitment\/#breadcrumb\",\"itemListElement\":[{\"@type\":\"ListItem\",\"position\":1,\"name\":\"Home\",\"item\":\"https:\/\/fariamorouco.pt\/\"},{\"@type\":\"ListItem\",\"position\":2,\"name\":\"Recruitment\"}]}]}<\/script>\n<!-- \/ Yoast SEO plugin. -->","_links":{"self":[{"href":"https:\/\/fariamorouco.pt\/index.php\/wp-json\/wp\/v2\/pages\/3167"}],"collection":[{"href":"https:\/\/fariamorouco.pt\/index.php\/wp-json\/wp\/v2\/pages"}],"about":[{"href":"https:\/\/fariamorouco.pt\/index.php\/wp-json\/wp\/v2\/types\/page"}],"author":[{"embeddable":true,"href":"https:\/\/fariamorouco.pt\/index.php\/wp-json\/wp\/v2\/users\/2"}],"replies":[{"embeddable":true,"href":"https:\/\/fariamorouco.pt\/index.php\/wp-json\/wp\/v2\/comments?post=3167"}],"version-history":[{"count":32,"href":"https:\/\/fariamorouco.pt\/index.php\/wp-json\/wp\/v2\/pages\/3167\/revisions"}],"predecessor-version":[{"id":4092,"href":"https:\/\/fariamorouco.pt\/index.php\/wp-json\/wp\/v2\/pages\/3167\/revisions\/4092"}],"wp:attachment":[{"href":"https:\/\/fariamorouco.pt\/index.php\/wp-json\/wp\/v2\/media?parent=3167"}],"curies":[{"name":"wp","href":"https:\/\/api.w.org\/{rel}","templated":true}]}}