{"id":382,"date":"2021-03-18T17:02:38","date_gmt":"2021-03-18T17:02:38","guid":{"rendered":"https:\/\/developer.blink-eye.com\/fariamorouco\/?page_id=382"},"modified":"2021-07-29T23:07:40","modified_gmt":"2021-07-29T23:07:40","slug":"recrutamento","status":"publish","type":"page","link":"https:\/\/fariamorouco.pt\/index.php\/recrutamento\/","title":{"rendered":"Recrutamento"},"content":{"rendered":"\t\t<div data-elementor-type=\"wp-page\" data-elementor-id=\"382\" class=\"elementor elementor-382\" data-elementor-settings=\"[]\">\n\t\t\t\t\t\t<div class=\"elementor-inner\">\n\t\t\t\t\t\t\t<div class=\"elementor-section-wrap\">\n\t\t\t\t\t\t\t<section data-particle_enable=\"false\" data-particle-mobile-disabled=\"false\" class=\"elementor-section elementor-top-section elementor-element elementor-element-baee91c elementor-section-full_width elementor-section-height-min-height elementor-section-height-default elementor-section-items-middle\" data-id=\"baee91c\" data-element_type=\"section\" data-settings=\"{&quot;background_background&quot;:&quot;classic&quot;}\">\n\t\t\t\t\t\t\t<div class=\"elementor-background-overlay\"><\/div>\n\t\t\t\t\t\t\t<div class=\"elementor-container elementor-column-gap-default\">\n\t\t\t\t\t\t\t<div class=\"elementor-row\">\n\t\t\t\t\t<div class=\"elementor-column elementor-col-100 elementor-top-column elementor-element elementor-element-8a3d322\" data-id=\"8a3d322\" data-element_type=\"column\">\n\t\t\t<div class=\"elementor-column-wrap elementor-element-populated\">\n\t\t\t\t\t\t\t<div class=\"elementor-widget-wrap\">\n\t\t\t\t\t\t<div class=\"elementor-element elementor-element-f3b0aeb animated-fast elementor-invisible elementor-widget elementor-widget-heading\" data-id=\"f3b0aeb\" data-element_type=\"widget\" data-settings=\"{&quot;_animation&quot;:&quot;fadeIn&quot;}\" data-widget_type=\"heading.default\">\n\t\t\t\t<div class=\"elementor-widget-container\">\n\t\t\t<h3 class=\"elementor-heading-title elementor-size-default\">Recrutamento<\/h3>\t\t<\/div>\n\t\t\t\t<\/div>\n\t\t\t\t<div class=\"elementor-element elementor-element-6d589b6 elementor-invisible elementor-widget elementor-widget-text-editor\" data-id=\"6d589b6\" data-element_type=\"widget\" data-settings=\"{&quot;_animation&quot;:&quot;fadeIn&quot;}\" data-widget_type=\"text-editor.default\">\n\t\t\t\t<div class=\"elementor-widget-container\">\n\t\t\t\t\t<div class=\"elementor-text-editor elementor-clearfix\"><p>Fa\u00e7a parte da equipa Faria &amp; Morou\u00e7o<\/p><\/div>\n\t\t\t\t<\/div>\n\t\t\t\t<\/div>\n\t\t\t\t\t\t<\/div>\n\t\t\t\t\t<\/div>\n\t\t<\/div>\n\t\t\t\t\t\t\t\t<\/div>\n\t\t\t\t\t<\/div>\n\t\t<\/section>\n\t\t\t\t<section data-particle_enable=\"false\" data-particle-mobile-disabled=\"false\" class=\"elementor-section elementor-top-section elementor-element elementor-element-8e3b197 elementor-section-full_width elementor-section-height-default elementor-section-height-default\" data-id=\"8e3b197\" data-element_type=\"section\">\n\t\t\t\t\t\t<div class=\"elementor-container elementor-column-gap-default\">\n\t\t\t\t\t\t\t<div class=\"elementor-row\">\n\t\t\t\t\t<div class=\"elementor-column elementor-col-100 elementor-top-column elementor-element elementor-element-25de0be\" data-id=\"25de0be\" data-element_type=\"column\">\n\t\t\t<div class=\"elementor-column-wrap elementor-element-populated\">\n\t\t\t\t\t\t\t<div class=\"elementor-widget-wrap\">\n\t\t\t\t\t\t<div class=\"elementor-element elementor-element-5a13520 elementor-widget elementor-widget-heading\" data-id=\"5a13520\" data-element_type=\"widget\" data-widget_type=\"heading.default\">\n\t\t\t\t<div class=\"elementor-widget-container\">\n\t\t\t<h2 class=\"elementor-heading-title elementor-size-default\">Preencha o formul\u00e1rio<\/h2>\t\t<\/div>\n\t\t\t\t<\/div>\n\t\t\t\t<div class=\"elementor-element elementor-element-b24e230 elementor-widget elementor-widget-text-editor\" data-id=\"b24e230\" data-element_type=\"widget\" data-widget_type=\"text-editor.default\">\n\t\t\t\t<div class=\"elementor-widget-container\">\n\t\t\t\t\t<div class=\"elementor-text-editor elementor-clearfix\"><p>A nossa equipa encontra-se em constante crescimento e evolu\u00e7\u00e3o. Candidate-se atrav\u00e9s do formul\u00e1rio abaixo e fa\u00e7a parte da Faria &amp; Morou\u00e7o.<\/p><\/div>\n\t\t\t\t<\/div>\n\t\t\t\t<\/div>\n\t\t\t\t<div class=\"elementor-element elementor-element-bf025fc elementor-button-align-center elementor-widget elementor-widget-form\" data-id=\"bf025fc\" data-element_type=\"widget\" data-settings=\"{&quot;step_next_label&quot;:&quot;Next&quot;,&quot;step_previous_label&quot;:&quot;Previous&quot;,&quot;button_width&quot;:&quot;100&quot;,&quot;step_type&quot;:&quot;number_text&quot;,&quot;step_icon_shape&quot;:&quot;circle&quot;}\" data-widget_type=\"form.default\">\n\t\t\t\t<div class=\"elementor-widget-container\">\n\t\t\t\t\t<form class=\"elementor-form\" method=\"post\" name=\"New Form\">\n\t\t\t<input type=\"hidden\" name=\"post_id\" value=\"382\"\/>\n\t\t\t<input type=\"hidden\" name=\"form_id\" value=\"bf025fc\"\/>\n\n\t\t\t\n\t\t\t<div class=\"elementor-form-fields-wrapper elementor-labels-above\">\n\t\t\t\t\t\t\t\t<div class=\"elementor-field-type-text elementor-field-group elementor-column elementor-field-group-name elementor-col-50 elementor-field-required\">\n\t\t\t\t\t<label for=\"form-field-name\" class=\"elementor-field-label\">Nome<\/label><input size=\"1\" type=\"text\" name=\"form_fields[name]\" id=\"form-field-name\" class=\"elementor-field elementor-size-sm  elementor-field-textual\" placeholder=\"Nome Completo\" required=\"required\" aria-required=\"true\">\t\t\t\t<\/div>\n\t\t\t\t\t\t\t\t<div class=\"elementor-field-type-email elementor-field-group elementor-column elementor-field-group-email elementor-col-50 elementor-field-required\">\n\t\t\t\t\t<label for=\"form-field-email\" class=\"elementor-field-label\">Email<\/label><input size=\"1\" type=\"email\" name=\"form_fields[email]\" id=\"form-field-email\" class=\"elementor-field elementor-size-sm  elementor-field-textual\" placeholder=\"Email\" required=\"required\" aria-required=\"true\">\t\t\t\t<\/div>\n\t\t\t\t\t\t\t\t<div class=\"elementor-field-type-date elementor-field-group elementor-column elementor-field-group-field_4df1412 elementor-col-50 elementor-field-required\">\n\t\t\t\t\t<label for=\"form-field-field_4df1412\" class=\"elementor-field-label\">Data<\/label><input type=\"date\" name=\"form_fields[field_4df1412]\" id=\"form-field-field_4df1412\" class=\"elementor-field elementor-size-sm  elementor-field-textual elementor-date-field\" placeholder=\"Data de Nascimento\" required=\"required\" aria-required=\"true\" pattern=\"[0-9]{4}-[0-9]{2}-[0-9]{2}\">\t\t\t\t<\/div>\n\t\t\t\t\t\t\t\t<div class=\"elementor-field-type-text elementor-field-group elementor-column elementor-field-group-field_e2ffea3 elementor-col-25 elementor-field-required\">\n\t\t\t\t\t<label for=\"form-field-field_e2ffea3\" class=\"elementor-field-label\">Nacionalidade<\/label><input size=\"1\" type=\"text\" name=\"form_fields[field_e2ffea3]\" id=\"form-field-field_e2ffea3\" class=\"elementor-field elementor-size-sm  elementor-field-textual\" placeholder=\"Nacionalidade\" required=\"required\" aria-required=\"true\">\t\t\t\t<\/div>\n\t\t\t\t\t\t\t\t<div class=\"elementor-field-type-text elementor-field-group elementor-column elementor-field-group-field_6743bb9 elementor-col-25 elementor-field-required\">\n\t\t\t\t\t<label for=\"form-field-field_6743bb9\" class=\"elementor-field-label\">Naturalidade<\/label><input size=\"1\" type=\"text\" name=\"form_fields[field_6743bb9]\" id=\"form-field-field_6743bb9\" class=\"elementor-field elementor-size-sm  elementor-field-textual\" placeholder=\"Naturalidade\" required=\"required\" aria-required=\"true\">\t\t\t\t<\/div>\n\t\t\t\t\t\t\t\t<div class=\"elementor-field-type-text elementor-field-group elementor-column elementor-field-group-field_42468f8 elementor-col-50 elementor-field-required\">\n\t\t\t\t\t<label for=\"form-field-field_42468f8\" class=\"elementor-field-label\">Morada<\/label><input size=\"1\" type=\"text\" name=\"form_fields[field_42468f8]\" id=\"form-field-field_42468f8\" class=\"elementor-field elementor-size-sm  elementor-field-textual\" placeholder=\"Morada\" required=\"required\" aria-required=\"true\">\t\t\t\t<\/div>\n\t\t\t\t\t\t\t\t<div class=\"elementor-field-type-text elementor-field-group elementor-column elementor-field-group-field_15b6409 elementor-col-25 elementor-field-required\">\n\t\t\t\t\t<label for=\"form-field-field_15b6409\" class=\"elementor-field-label\">Cidade<\/label><input size=\"1\" type=\"text\" name=\"form_fields[field_15b6409]\" id=\"form-field-field_15b6409\" class=\"elementor-field elementor-size-sm  elementor-field-textual\" placeholder=\"Cidade\" required=\"required\" aria-required=\"true\">\t\t\t\t<\/div>\n\t\t\t\t\t\t\t\t<div class=\"elementor-field-type-text elementor-field-group elementor-column elementor-field-group-field_82ab59d elementor-col-25 elementor-field-required\">\n\t\t\t\t\t<label for=\"form-field-field_82ab59d\" class=\"elementor-field-label\">C\u00f3digo Postal<\/label><input size=\"1\" type=\"text\" name=\"form_fields[field_82ab59d]\" id=\"form-field-field_82ab59d\" class=\"elementor-field elementor-size-sm  elementor-field-textual\" placeholder=\"C\u00f3digo-Postal\" required=\"required\" aria-required=\"true\">\t\t\t\t<\/div>\n\t\t\t\t\t\t\t\t<div class=\"elementor-field-type-tel elementor-field-group elementor-column elementor-field-group-field_53d4966 elementor-col-50 elementor-field-required\">\n\t\t\t\t\t<label for=\"form-field-field_53d4966\" class=\"elementor-field-label\">Contacto Telef\u00f3nico<\/label><input size=\"1\" type=\"tel\" name=\"form_fields[field_53d4966]\" id=\"form-field-field_53d4966\" class=\"elementor-field elementor-size-sm  elementor-field-textual\" placeholder=\"Contacto Telef\u00f3nico\" required=\"required\" aria-required=\"true\" pattern=\"[0-9()#&amp;+*-=.]+\" title=\"Only numbers and phone characters (#, -, *, etc) are accepted.\">\t\t\t\t<\/div>\n\t\t\t\t\t\t\t\t<div class=\"elementor-field-type-select elementor-field-group elementor-column elementor-field-group-field_0f9fc37 elementor-col-50 elementor-field-required\">\n\t\t\t\t\t<label for=\"form-field-field_0f9fc37\" class=\"elementor-field-label\">Situa\u00e7\u00e3o Actual<\/label>\t\t<div class=\"elementor-field elementor-select-wrapper \">\n\t\t\t<select name=\"form_fields[field_0f9fc37]\" id=\"form-field-field_0f9fc37\" class=\"elementor-field-textual elementor-size-sm\" required=\"required\" aria-required=\"true\">\n\t\t\t\t<option value=\"Desempregado\">Desempregado<\/option><option value=\"Estudante\">Estudante<\/option><option value=\"Empregado (pretendo mudar)\">Empregado (pretendo mudar)<\/option><option value=\"\"><\/option>\t\t\t<\/select>\n\t\t<\/div>\n\t\t\t\t\t\t<\/div>\n\t\t\t\t\t\t\t\t<div class=\"elementor-field-type-select elementor-field-group elementor-column elementor-field-group-field_6b0b3e6 elementor-col-50 elementor-field-required\">\n\t\t\t\t\t<label for=\"form-field-field_6b0b3e6\" class=\"elementor-field-label\">Habilita\u00e7\u00f5es Liter\u00e1rias<\/label>\t\t<div class=\"elementor-field elementor-select-wrapper \">\n\t\t\t<select name=\"form_fields[field_6b0b3e6]\" id=\"form-field-field_6b0b3e6\" class=\"elementor-field-textual elementor-size-sm\" required=\"required\" aria-required=\"true\">\n\t\t\t\t<option value=\"1\u00ba Ciclo\">1\u00ba Ciclo<\/option><option value=\"2\u00ba Ciclo \">2\u00ba Ciclo <\/option><option value=\"3\u00ba Ciclo (9\u00ba ano)\">3\u00ba Ciclo (9\u00ba ano)<\/option><option value=\"12\u00ba ano\">12\u00ba ano<\/option><option value=\"12\u00ba ano (Curso Profissional)\">12\u00ba ano (Curso Profissional)<\/option><option value=\"Licenciatura\">Licenciatura<\/option><option value=\"Mestrado\">Mestrado<\/option><option value=\"P\u00f3s-gradua\u00e7\u00e3o\">P\u00f3s-gradua\u00e7\u00e3o<\/option>\t\t\t<\/select>\n\t\t<\/div>\n\t\t\t\t\t\t<\/div>\n\t\t\t\t\t\t\t\t<div class=\"elementor-field-type-text elementor-field-group elementor-column elementor-field-group-field_5b63847 elementor-col-50 elementor-field-required\">\n\t\t\t\t\t<label for=\"form-field-field_5b63847\" class=\"elementor-field-label\">\u00c1rea de Estudos<\/label><input size=\"1\" type=\"text\" name=\"form_fields[field_5b63847]\" id=\"form-field-field_5b63847\" class=\"elementor-field elementor-size-sm  elementor-field-textual\" placeholder=\"\u00c1rea de Estudos\" required=\"required\" aria-required=\"true\">\t\t\t\t<\/div>\n\t\t\t\t\t\t\t\t<div class=\"elementor-field-type-radio elementor-field-group elementor-column elementor-field-group-field_27bd502 elementor-col-50 elementor-field-required\">\n\t\t\t\t\t<label for=\"form-field-field_27bd502\" class=\"elementor-field-label\">Cargo a que se candidata<\/label><div class=\"elementor-field-subgroup  elementor-subgroup-inline\"><span class=\"elementor-field-option\"><input type=\"radio\" value=\"Produ\u00e7\u00e3o\" id=\"form-field-field_27bd502-0\" name=\"form_fields[field_27bd502]\" required=\"required\" aria-required=\"true\"> <label for=\"form-field-field_27bd502-0\">Produ\u00e7\u00e3o<\/label><\/span><span class=\"elementor-field-option\"><input type=\"radio\" value=\"Qualidade\" id=\"form-field-field_27bd502-1\" name=\"form_fields[field_27bd502]\" required=\"required\" aria-required=\"true\"> <label for=\"form-field-field_27bd502-1\">Qualidade<\/label><\/span><span class=\"elementor-field-option\"><input type=\"radio\" value=\"Embalagem\" id=\"form-field-field_27bd502-2\" name=\"form_fields[field_27bd502]\" required=\"required\" aria-required=\"true\"> <label for=\"form-field-field_27bd502-2\">Embalagem<\/label><\/span><span class=\"elementor-field-option\"><input type=\"radio\" value=\"Armaz\u00e9m\" id=\"form-field-field_27bd502-3\" name=\"form_fields[field_27bd502]\" required=\"required\" aria-required=\"true\"> <label for=\"form-field-field_27bd502-3\">Armaz\u00e9m<\/label><\/span><span class=\"elementor-field-option\"><input type=\"radio\" value=\"Outro\" id=\"form-field-field_27bd502-4\" name=\"form_fields[field_27bd502]\" required=\"required\" aria-required=\"true\"> <label for=\"form-field-field_27bd502-4\">Outro<\/label><\/span><\/div>\t\t\t\t<\/div>\n\t\t\t\t\t\t\t\t<div class=\"elementor-field-type-text elementor-field-group elementor-column elementor-field-group-field_2cf7b4a elementor-col-50 elementor-field-required\">\n\t\t\t\t\t<label for=\"form-field-field_2cf7b4a\" class=\"elementor-field-label\">Se escolheu outro, indique qual<\/label><input size=\"1\" type=\"text\" name=\"form_fields[field_2cf7b4a]\" id=\"form-field-field_2cf7b4a\" class=\"elementor-field elementor-size-sm  elementor-field-textual\" placeholder=\"cargo a que se candidata\" required=\"required\" aria-required=\"true\">\t\t\t\t<\/div>\n\t\t\t\t\t\t\t\t<div class=\"elementor-field-type-radio elementor-field-group elementor-column elementor-field-group-field_b6cd9c7 elementor-col-33 elementor-field-required\">\n\t\t\t\t\t<label for=\"form-field-field_b6cd9c7\" class=\"elementor-field-label\">Disponibilidade para turnos?<\/label><div class=\"elementor-field-subgroup  elementor-subgroup-inline\"><span class=\"elementor-field-option\"><input type=\"radio\" value=\"sim\" id=\"form-field-field_b6cd9c7-0\" name=\"form_fields[field_b6cd9c7]\" required=\"required\" aria-required=\"true\"> <label for=\"form-field-field_b6cd9c7-0\">sim<\/label><\/span><span class=\"elementor-field-option\"><input type=\"radio\" value=\"n\u00e3o\" id=\"form-field-field_b6cd9c7-1\" name=\"form_fields[field_b6cd9c7]\" required=\"required\" aria-required=\"true\"> <label for=\"form-field-field_b6cd9c7-1\">n\u00e3o<\/label><\/span><\/div>\t\t\t\t<\/div>\n\t\t\t\t\t\t\t\t<div class=\"elementor-field-type-radio elementor-field-group elementor-column elementor-field-group-field_1e69cc1 elementor-col-33 elementor-field-required\">\n\t\t\t\t\t<label for=\"form-field-field_1e69cc1\" class=\"elementor-field-label\">Disponibilidade para horas extra?<\/label><div class=\"elementor-field-subgroup  elementor-subgroup-inline\"><span class=\"elementor-field-option\"><input type=\"radio\" value=\"sim\" id=\"form-field-field_1e69cc1-0\" name=\"form_fields[field_1e69cc1]\" required=\"required\" aria-required=\"true\"> <label for=\"form-field-field_1e69cc1-0\">sim<\/label><\/span><span class=\"elementor-field-option\"><input type=\"radio\" value=\"n\u00e3o\" id=\"form-field-field_1e69cc1-1\" name=\"form_fields[field_1e69cc1]\" required=\"required\" aria-required=\"true\"> <label for=\"form-field-field_1e69cc1-1\">n\u00e3o<\/label><\/span><\/div>\t\t\t\t<\/div>\n\t\t\t\t\t\t\t\t<div class=\"elementor-field-type-radio elementor-field-group elementor-column elementor-field-group-field_b3dec43 elementor-col-33 elementor-field-required\">\n\t\t\t\t\t<label for=\"form-field-field_b3dec43\" class=\"elementor-field-label\">Carta de Condu\u00e7\u00e3o?<\/label><div class=\"elementor-field-subgroup  elementor-subgroup-inline\"><span class=\"elementor-field-option\"><input type=\"radio\" value=\"sim\" id=\"form-field-field_b3dec43-0\" name=\"form_fields[field_b3dec43]\" required=\"required\" aria-required=\"true\"> <label for=\"form-field-field_b3dec43-0\">sim<\/label><\/span><span class=\"elementor-field-option\"><input type=\"radio\" value=\"n\u00e3o\" id=\"form-field-field_b3dec43-1\" name=\"form_fields[field_b3dec43]\" required=\"required\" aria-required=\"true\"> <label for=\"form-field-field_b3dec43-1\">n\u00e3o<\/label><\/span><\/div>\t\t\t\t<\/div>\n\t\t\t\t\t\t\t\t<div class=\"elementor-field-type-radio elementor-field-group elementor-column elementor-field-group-field_a5571a1 elementor-col-33 elementor-field-required\">\n\t\t\t\t\t<label for=\"form-field-field_a5571a1\" class=\"elementor-field-label\">Carro Pr\u00f3prio?<\/label><div class=\"elementor-field-subgroup  elementor-subgroup-inline\"><span class=\"elementor-field-option\"><input type=\"radio\" value=\"sim\" id=\"form-field-field_a5571a1-0\" name=\"form_fields[field_a5571a1]\" required=\"required\" aria-required=\"true\"> <label for=\"form-field-field_a5571a1-0\">sim<\/label><\/span><span class=\"elementor-field-option\"><input type=\"radio\" value=\"n\u00e3o\" id=\"form-field-field_a5571a1-1\" name=\"form_fields[field_a5571a1]\" required=\"required\" aria-required=\"true\"> <label for=\"form-field-field_a5571a1-1\">n\u00e3o<\/label><\/span><\/div>\t\t\t\t<\/div>\n\t\t\t\t\t\t\t\t<div class=\"elementor-field-type-radio elementor-field-group elementor-column elementor-field-group-field_e47dff7 elementor-col-33 elementor-field-required\">\n\t\t\t\t\t<label for=\"form-field-field_e47dff7\" class=\"elementor-field-label\">Problemas de Sa\u00fade?<\/label><div class=\"elementor-field-subgroup  elementor-subgroup-inline\"><span class=\"elementor-field-option\"><input type=\"radio\" value=\"sim\" id=\"form-field-field_e47dff7-0\" name=\"form_fields[field_e47dff7]\" required=\"required\" aria-required=\"true\"> <label for=\"form-field-field_e47dff7-0\">sim<\/label><\/span><span class=\"elementor-field-option\"><input type=\"radio\" value=\"n\u00e3o\" id=\"form-field-field_e47dff7-1\" name=\"form_fields[field_e47dff7]\" required=\"required\" aria-required=\"true\"> <label for=\"form-field-field_e47dff7-1\">n\u00e3o<\/label><\/span><\/div>\t\t\t\t<\/div>\n\t\t\t\t\t\t\t\t<div class=\"elementor-field-type-text elementor-field-group elementor-column elementor-field-group-field_bbe5282 elementor-col-33\">\n\t\t\t\t\t<label for=\"form-field-field_bbe5282\" class=\"elementor-field-label\">Se sim, quais.<\/label><input size=\"1\" type=\"text\" name=\"form_fields[field_bbe5282]\" id=\"form-field-field_bbe5282\" class=\"elementor-field elementor-size-sm  elementor-field-textual\" placeholder=\"Indique os seus problemas de sa\u00fade (card\u00edacos, respirat\u00f3rios, etc)\">\t\t\t\t<\/div>\n\t\t\t\t\t\t\t\t<div class=\"elementor-field-type-textarea elementor-field-group elementor-column elementor-field-group-field_554fbc9 elementor-col-100\">\n\t\t\t\t\t<label for=\"form-field-field_554fbc9\" class=\"elementor-field-label\">Informa\u00e7\u00f5es relevantes<\/label><textarea class=\"elementor-field-textual elementor-field  elementor-size-sm\" name=\"form_fields[field_554fbc9]\" id=\"form-field-field_554fbc9\" rows=\"2\" placeholder=\"Informa\u00e7\u00f5es que considere pertinentes\"><\/textarea>\t\t\t\t<\/div>\n\t\t\t\t\t\t\t\t<div class=\"elementor-field-type-upload elementor-field-group elementor-column elementor-field-group-field_e0d374e elementor-col-100 elementor-field-required\">\n\t\t\t\t\t<label for=\"form-field-field_e0d374e\" class=\"elementor-field-label\">Fa\u00e7a Upload do seu CV (m\u00e1x. 4MB)<\/label><input type=\"file\" name=\"form_fields[field_e0d374e]\" id=\"form-field-field_e0d374e\" class=\"elementor-field elementor-size-sm  elementor-upload-field\" required=\"required\" aria-required=\"true\" data-maxsize=\"4\" data-maxsize-message=\"This file exceeds the maximum allowed size.\">\t\t\t\t<\/div>\n\t\t\t\t\t\t\t\t<div class=\"elementor-field-type-checkbox elementor-field-group elementor-column elementor-field-group-field_37b46b9 elementor-col-100\">\n\t\t\t\t\t<div class=\"elementor-field-subgroup  \"><span class=\"elementor-field-option\"><input type=\"checkbox\" value=\"Li e aceito os termos e condi\u00e7\u00f5es da Pol\u00edtica de Privacidade\" id=\"form-field-field_37b46b9-0\" name=\"form_fields[field_37b46b9]\"> <label for=\"form-field-field_37b46b9-0\">Li e aceito os termos e condi\u00e7\u00f5es da Pol\u00edtica de Privacidade<\/label><\/span><\/div>\t\t\t\t<\/div>\n\t\t\t\t\t\t\t\t<div class=\"elementor-field-type-recaptcha elementor-field-group elementor-column elementor-field-group-field_0d0008f elementor-col-100\">\n\t\t\t\t\t<div class=\"elementor-field\" id=\"form-field-field_0d0008f\"><div class=\"elementor-g-recaptcha\" data-sitekey=\"6LeA24QaAAAAAO83ORzJ4Q-ONIIdxwp_nVdX0Y-k\" data-type=\"v2_checkbox\" data-theme=\"light\" data-size=\"normal\"><\/div><\/div>\t\t\t\t<\/div>\n\t\t\t\t\t\t\t\t<div class=\"elementor-field-group elementor-column elementor-field-type-submit elementor-col-100 e-form__buttons\">\n\t\t\t\t\t<button type=\"submit\" class=\"elementor-button elementor-size-sm\">\n\t\t\t\t\t\t<span >\n\t\t\t\t\t\t\t\t\t\t\t\t\t\t\t<span class=\" elementor-button-icon\">\n\t\t\t\t\t\t\t\t\t\t\t\t\t\t\t\t\t\t\t\t\t\t\t\t\t\t<\/span>\n\t\t\t\t\t\t\t\t\t\t\t\t\t\t\t\t\t\t\t\t\t\t<span class=\"elementor-button-text\">SUBMETER<\/span>\n\t\t\t\t\t\t\t\t\t\t\t\t\t<\/span>\n\t\t\t\t\t<\/button>\n\t\t\t\t<\/div>\n\t\t\t<\/div>\n\t\t<\/form>\n\t\t\t\t<\/div>\n\t\t\t\t<\/div>\n\t\t\t\t\t\t<\/div>\n\t\t\t\t\t<\/div>\n\t\t<\/div>\n\t\t\t\t\t\t\t\t<\/div>\n\t\t\t\t\t<\/div>\n\t\t<\/section>\n\t\t\t\t\t\t<\/div>\n\t\t\t\t\t\t<\/div>\n\t\t\t\t\t<\/div>\n\t\t","protected":false},"excerpt":{"rendered":"<p>Recrutamento Fa\u00e7a parte da equipa Faria &amp; Morou\u00e7o Preencha o formul\u00e1rio A nossa equipa encontra-se em constante crescimento e evolu\u00e7\u00e3o. Candidate-se atrav\u00e9s do formul\u00e1rio abaixo e fa\u00e7a parte da Faria &amp; Morou\u00e7o.<\/p>\n","protected":false},"author":1,"featured_media":0,"parent":0,"menu_order":0,"comment_status":"closed","ping_status":"closed","template":"elementor_header_footer","meta":[],"yoast_head":"<!-- This site is optimized with the Yoast SEO plugin v16.6.1 - https:\/\/yoast.com\/wordpress\/plugins\/seo\/ -->\n<title>Recrutamento - Faria &amp; Morou\u00e7o<\/title>\n<meta name=\"robots\" content=\"index, follow, max-snippet:-1, max-image-preview:large, max-video-preview:-1\" \/>\n<link rel=\"canonical\" href=\"https:\/\/fariamorouco.pt\/index.php\/recrutamento\/\" \/>\n<meta property=\"og:locale\" content=\"en_US\" \/>\n<meta property=\"og:type\" content=\"article\" \/>\n<meta property=\"og:title\" content=\"Recrutamento - Faria &amp; Morou\u00e7o\" \/>\n<meta property=\"og:description\" content=\"Recrutamento Fa\u00e7a parte da equipa Faria &amp; Morou\u00e7o Preencha o formul\u00e1rio A nossa equipa encontra-se em constante crescimento e evolu\u00e7\u00e3o. Candidate-se atrav\u00e9s do formul\u00e1rio abaixo e fa\u00e7a parte da Faria &amp; Morou\u00e7o.\" \/>\n<meta property=\"og:url\" content=\"https:\/\/fariamorouco.pt\/index.php\/recrutamento\/\" \/>\n<meta property=\"og:site_name\" content=\"Faria &amp; Morou\u00e7o\" \/>\n<meta property=\"article:modified_time\" content=\"2021-07-29T23:07:40+00:00\" \/>\n<meta name=\"twitter:card\" content=\"summary_large_image\" \/>\n<meta name=\"twitter:label1\" content=\"Est. reading time\" \/>\n\t<meta name=\"twitter:data1\" content=\"1 minute\" \/>\n<script type=\"application\/ld+json\" class=\"yoast-schema-graph\">{\"@context\":\"https:\/\/schema.org\",\"@graph\":[{\"@type\":\"Organization\",\"@id\":\"https:\/\/fariamorouco.pt\/#organization\",\"name\":\"Faria & Morou\\u00e7o \\u2013 Extrusion & Injection\",\"url\":\"https:\/\/fariamorouco.pt\/\",\"sameAs\":[\"https:\/\/www.linkedin.com\/company\/fariamorouco\/\"],\"logo\":{\"@type\":\"ImageObject\",\"@id\":\"https:\/\/fariamorouco.pt\/#logo\",\"inLanguage\":\"en-US\",\"url\":\"https:\/\/fariamorouco.pt\/wp-content\/uploads\/2021\/03\/cropped-favicon_fm-01.png\",\"contentUrl\":\"https:\/\/fariamorouco.pt\/wp-content\/uploads\/2021\/03\/cropped-favicon_fm-01.png\",\"width\":512,\"height\":512,\"caption\":\"Faria & Morou\\u00e7o \\u2013 Extrusion & Injection\"},\"image\":{\"@id\":\"https:\/\/fariamorouco.pt\/#logo\"}},{\"@type\":\"WebSite\",\"@id\":\"https:\/\/fariamorouco.pt\/#website\",\"url\":\"https:\/\/fariamorouco.pt\/\",\"name\":\"Faria & Morou\\u00e7o \\u2013 Extrusion & Injection\",\"description\":\"Extrusion &amp; Injection\",\"publisher\":{\"@id\":\"https:\/\/fariamorouco.pt\/#organization\"},\"potentialAction\":[{\"@type\":\"SearchAction\",\"target\":{\"@type\":\"EntryPoint\",\"urlTemplate\":\"https:\/\/fariamorouco.pt\/?s={search_term_string}\"},\"query-input\":\"required name=search_term_string\"}],\"inLanguage\":\"en-US\"},{\"@type\":\"WebPage\",\"@id\":\"https:\/\/fariamorouco.pt\/index.php\/recrutamento\/#webpage\",\"url\":\"https:\/\/fariamorouco.pt\/index.php\/recrutamento\/\",\"name\":\"Recrutamento - Faria &amp; Morou\\u00e7o\",\"isPartOf\":{\"@id\":\"https:\/\/fariamorouco.pt\/#website\"},\"datePublished\":\"2021-03-18T17:02:38+00:00\",\"dateModified\":\"2021-07-29T23:07:40+00:00\",\"breadcrumb\":{\"@id\":\"https:\/\/fariamorouco.pt\/index.php\/recrutamento\/#breadcrumb\"},\"inLanguage\":\"en-US\",\"potentialAction\":[{\"@type\":\"ReadAction\",\"target\":[\"https:\/\/fariamorouco.pt\/index.php\/recrutamento\/\"]}]},{\"@type\":\"BreadcrumbList\",\"@id\":\"https:\/\/fariamorouco.pt\/index.php\/recrutamento\/#breadcrumb\",\"itemListElement\":[{\"@type\":\"ListItem\",\"position\":1,\"name\":\"Home\",\"item\":\"https:\/\/fariamorouco.pt\/\"},{\"@type\":\"ListItem\",\"position\":2,\"name\":\"Recrutamento\"}]}]}<\/script>\n<!-- \/ Yoast SEO plugin. -->","_links":{"self":[{"href":"https:\/\/fariamorouco.pt\/index.php\/wp-json\/wp\/v2\/pages\/382"}],"collection":[{"href":"https:\/\/fariamorouco.pt\/index.php\/wp-json\/wp\/v2\/pages"}],"about":[{"href":"https:\/\/fariamorouco.pt\/index.php\/wp-json\/wp\/v2\/types\/page"}],"author":[{"embeddable":true,"href":"https:\/\/fariamorouco.pt\/index.php\/wp-json\/wp\/v2\/users\/1"}],"replies":[{"embeddable":true,"href":"https:\/\/fariamorouco.pt\/index.php\/wp-json\/wp\/v2\/comments?post=382"}],"version-history":[{"count":69,"href":"https:\/\/fariamorouco.pt\/index.php\/wp-json\/wp\/v2\/pages\/382\/revisions"}],"predecessor-version":[{"id":4087,"href":"https:\/\/fariamorouco.pt\/index.php\/wp-json\/wp\/v2\/pages\/382\/revisions\/4087"}],"wp:attachment":[{"href":"https:\/\/fariamorouco.pt\/index.php\/wp-json\/wp\/v2\/media?parent=382"}],"curies":[{"name":"wp","href":"https:\/\/api.w.org\/{rel}","templated":true}]}}