{"id":5028,"date":"2024-07-23T13:46:42","date_gmt":"2024-07-23T13:46:42","guid":{"rendered":"https:\/\/fariamorouco.pt\/?page_id=5028"},"modified":"2025-10-10T16:15:06","modified_gmt":"2025-10-10T16:15:06","slug":"projektliste","status":"publish","type":"page","link":"https:\/\/fariamorouco.pt\/index.php\/de\/projektliste\/","title":{"rendered":"Projektliste"},"content":{"rendered":"\t\t<div data-elementor-type=\"wp-page\" data-elementor-id=\"5028\" class=\"elementor elementor-5028\" data-elementor-settings=\"[]\">\n\t\t\t\t\t\t<div class=\"elementor-inner\">\n\t\t\t\t\t\t\t<div class=\"elementor-section-wrap\">\n\t\t\t\t\t\t\t<section data-particle_enable=\"false\" data-particle-mobile-disabled=\"false\" class=\"elementor-section elementor-top-section elementor-element elementor-element-ef3e542 elementor-section-full_width elementor-section-height-min-height elementor-section-height-default elementor-section-items-middle\" data-id=\"ef3e542\" data-element_type=\"section\" data-settings=\"{&quot;background_background&quot;:&quot;classic&quot;}\">\n\t\t\t\t\t\t\t<div class=\"elementor-background-overlay\"><\/div>\n\t\t\t\t\t\t\t<div class=\"elementor-container elementor-column-gap-default\">\n\t\t\t\t\t\t\t<div class=\"elementor-row\">\n\t\t\t\t\t<div class=\"elementor-column elementor-col-100 elementor-top-column elementor-element elementor-element-85df2b8\" data-id=\"85df2b8\" data-element_type=\"column\">\n\t\t\t<div class=\"elementor-column-wrap elementor-element-populated\">\n\t\t\t\t\t\t\t<div class=\"elementor-widget-wrap\">\n\t\t\t\t\t\t<div class=\"elementor-element elementor-element-5d2f67c elementor-widget elementor-widget-heading\" data-id=\"5d2f67c\" data-element_type=\"widget\" data-widget_type=\"heading.default\">\n\t\t\t\t<div class=\"elementor-widget-container\">\n\t\t\t<h2 class=\"elementor-heading-title elementor-size-default\">Liste der finanzierten Projekte<\/h2>\t\t<\/div>\n\t\t\t\t<\/div>\n\t\t\t\t\t\t<\/div>\n\t\t\t\t\t<\/div>\n\t\t<\/div>\n\t\t\t\t\t\t\t\t<\/div>\n\t\t\t\t\t<\/div>\n\t\t<\/section>\n\t\t\t\t<section data-particle_enable=\"false\" data-particle-mobile-disabled=\"false\" class=\"elementor-section elementor-top-section elementor-element elementor-element-75cad13 elementor-section-boxed elementor-section-height-default elementor-section-height-default\" data-id=\"75cad13\" data-element_type=\"section\">\n\t\t\t\t\t\t<div class=\"elementor-container elementor-column-gap-default\">\n\t\t\t\t\t\t\t<div class=\"elementor-row\">\n\t\t\t\t\t<div class=\"elementor-column elementor-col-100 elementor-top-column elementor-element elementor-element-43c747d\" data-id=\"43c747d\" data-element_type=\"column\">\n\t\t\t<div class=\"elementor-column-wrap elementor-element-populated\">\n\t\t\t\t\t\t\t<div class=\"elementor-widget-wrap\">\n\t\t\t\t\t\t<div class=\"elementor-element elementor-element-6363292 elementor-widget__width-auto elementor-widget elementor-widget-image\" data-id=\"6363292\" data-element_type=\"widget\" data-widget_type=\"image.default\">\n\t\t\t\t<div class=\"elementor-widget-container\">\n\t\t\t\t\t<div class=\"elementor-image\">\n\t\t\t\t\t\t\t\t\t\t<img width=\"580\" height=\"88\" src=\"https:\/\/fariamorouco.pt\/wp-content\/uploads\/2021\/02\/POCentro_PT2020_FEDER_Bom-1024x155.png\" class=\"attachment-large size-large\" alt=\"\" loading=\"lazy\" srcset=\"https:\/\/fariamorouco.pt\/wp-content\/uploads\/2021\/02\/POCentro_PT2020_FEDER_Bom-1024x155.png 1024w, https:\/\/fariamorouco.pt\/wp-content\/uploads\/2021\/02\/POCentro_PT2020_FEDER_Bom-300x45.png 300w, https:\/\/fariamorouco.pt\/wp-content\/uploads\/2021\/02\/POCentro_PT2020_FEDER_Bom-768x116.png 768w, https:\/\/fariamorouco.pt\/wp-content\/uploads\/2021\/02\/POCentro_PT2020_FEDER_Bom-1536x232.png 1536w, https:\/\/fariamorouco.pt\/wp-content\/uploads\/2021\/02\/POCentro_PT2020_FEDER_Bom-2048x309.png 2048w, https:\/\/fariamorouco.pt\/wp-content\/uploads\/2021\/02\/POCentro_PT2020_FEDER_Bom-1200x181.png 1200w, https:\/\/fariamorouco.pt\/wp-content\/uploads\/2021\/02\/POCentro_PT2020_FEDER_Bom-1980x299.png 1980w\" sizes=\"(max-width: 580px) 100vw, 580px\" \/>\t\t\t\t\t\t\t\t\t\t\t<\/div>\n\t\t\t\t<\/div>\n\t\t\t\t<\/div>\n\t\t\t\t<div class=\"elementor-element elementor-element-2b51434 elementor-widget__width-auto elementor-widget elementor-widget-image\" data-id=\"2b51434\" data-element_type=\"widget\" data-widget_type=\"image.default\">\n\t\t\t\t<div class=\"elementor-widget-container\">\n\t\t\t\t\t<div class=\"elementor-image\">\n\t\t\t\t\t\t\t\t\t\t<img width=\"580\" height=\"165\" src=\"https:\/\/fariamorouco.pt\/wp-content\/uploads\/2021\/02\/apoios-01-1024x292.jpg\" class=\"attachment-large size-large\" alt=\"\" loading=\"lazy\" srcset=\"https:\/\/fariamorouco.pt\/wp-content\/uploads\/2021\/02\/apoios-01-1024x292.jpg 1024w, https:\/\/fariamorouco.pt\/wp-content\/uploads\/2021\/02\/apoios-01-300x85.jpg 300w, https:\/\/fariamorouco.pt\/wp-content\/uploads\/2021\/02\/apoios-01-768x219.jpg 768w, https:\/\/fariamorouco.pt\/wp-content\/uploads\/2021\/02\/apoios-01-1536x437.jpg 1536w, https:\/\/fariamorouco.pt\/wp-content\/uploads\/2021\/02\/apoios-01-2048x583.jpg 2048w, https:\/\/fariamorouco.pt\/wp-content\/uploads\/2021\/02\/apoios-01-1200x342.jpg 1200w, https:\/\/fariamorouco.pt\/wp-content\/uploads\/2021\/02\/apoios-01-1980x564.jpg 1980w\" sizes=\"(max-width: 580px) 100vw, 580px\" \/>\t\t\t\t\t\t\t\t\t\t\t<\/div>\n\t\t\t\t<\/div>\n\t\t\t\t<\/div>\n\t\t\t\t<div class=\"elementor-element elementor-element-4d0ef29 elementor-widget-divider--view-line elementor-widget elementor-widget-divider\" data-id=\"4d0ef29\" data-element_type=\"widget\" data-widget_type=\"divider.default\">\n\t\t\t\t<div class=\"elementor-widget-container\">\n\t\t\t\t\t<div class=\"elementor-divider\">\n\t\t\t<span class=\"elementor-divider-separator\">\n\t\t\t\t\t\t<\/span>\n\t\t<\/div>\n\t\t\t\t<\/div>\n\t\t\t\t<\/div>\n\t\t\t\t<div class=\"elementor-element elementor-element-a923c87 elementor-widget elementor-widget-heading\" data-id=\"a923c87\" data-element_type=\"widget\" data-widget_type=\"heading.default\">\n\t\t\t\t<div class=\"elementor-widget-container\">\n\t\t\t<h2 class=\"elementor-heading-title elementor-size-default\"><a href=\"https:\/\/fariamorouco.pt\/wp-content\/uploads\/2022\/07\/Ficha-projeto_centro_website_P56.pdf\">Projeto: TTtoSVD - Transi\u00e7\u00e3o tecnol\u00f3gica para maior sustentabilidade, valor e digitaliza\u00e7\u00e3o da atividade da FM - CENTRO-04-38D7-FEDER-000056<\/a><\/h2>\t\t<\/div>\n\t\t\t\t<\/div>\n\t\t\t\t<div class=\"elementor-element elementor-element-ca5f0b1 elementor-widget-divider--view-line elementor-widget elementor-widget-divider\" data-id=\"ca5f0b1\" data-element_type=\"widget\" data-widget_type=\"divider.default\">\n\t\t\t\t<div class=\"elementor-widget-container\">\n\t\t\t\t\t<div class=\"elementor-divider\">\n\t\t\t<span class=\"elementor-divider-separator\">\n\t\t\t\t\t\t<\/span>\n\t\t<\/div>\n\t\t\t\t<\/div>\n\t\t\t\t<\/div>\n\t\t\t\t<div class=\"elementor-element elementor-element-9744994 elementor-widget__width-auto elementor-widget elementor-widget-image\" data-id=\"9744994\" data-element_type=\"widget\" data-widget_type=\"image.default\">\n\t\t\t\t<div class=\"elementor-widget-container\">\n\t\t\t\t\t<div class=\"elementor-image\">\n\t\t\t\t\t\t\t\t\t\t<img width=\"580\" height=\"84\" src=\"https:\/\/fariamorouco.pt\/wp-content\/uploads\/2021\/02\/image003.png\" class=\"attachment-large size-large\" alt=\"\" loading=\"lazy\" srcset=\"https:\/\/fariamorouco.pt\/wp-content\/uploads\/2021\/02\/image003.png 851w, https:\/\/fariamorouco.pt\/wp-content\/uploads\/2021\/02\/image003-300x43.png 300w, https:\/\/fariamorouco.pt\/wp-content\/uploads\/2021\/02\/image003-768x111.png 768w\" sizes=\"(max-width: 580px) 100vw, 580px\" \/>\t\t\t\t\t\t\t\t\t\t\t<\/div>\n\t\t\t\t<\/div>\n\t\t\t\t<\/div>\n\t\t\t\t<div class=\"elementor-element elementor-element-cdcde1b elementor-widget-divider--view-line elementor-widget elementor-widget-divider\" data-id=\"cdcde1b\" data-element_type=\"widget\" data-widget_type=\"divider.default\">\n\t\t\t\t<div class=\"elementor-widget-container\">\n\t\t\t\t\t<div class=\"elementor-divider\">\n\t\t\t<span class=\"elementor-divider-separator\">\n\t\t\t\t\t\t<\/span>\n\t\t<\/div>\n\t\t\t\t<\/div>\n\t\t\t\t<\/div>\n\t\t\t\t<div class=\"elementor-element elementor-element-a83d0e3 elementor-widget elementor-widget-heading\" data-id=\"a83d0e3\" data-element_type=\"widget\" data-widget_type=\"heading.default\">\n\t\t\t\t<div class=\"elementor-widget-container\">\n\t\t\t<h2 class=\"elementor-heading-title elementor-size-default\"><a href=\"https:\/\/fariamorouco.pt\/wp-content\/uploads\/2024\/07\/Ficha%20Projeto_R2U.pdf\">PRR 48 - Agenda | R2UTechnologies | modular system<\/a><\/h2>\t\t<\/div>\n\t\t\t\t<\/div>\n\t\t\t\t<div class=\"elementor-element elementor-element-ab7a5a3 elementor-widget elementor-widget-heading\" data-id=\"ab7a5a3\" data-element_type=\"widget\" data-widget_type=\"heading.default\">\n\t\t\t\t<div class=\"elementor-widget-container\">\n\t\t\t<h2 class=\"elementor-heading-title elementor-size-default\"><a href=\"https:\/\/fariamorouco.pt\/wp-content\/uploads\/2024\/07\/Anexo%201_Ficha%20de%20projeto_4022_FM.pdf\">PRR 4022 - FM GREEN PROCESSES AND PRODUCTS<\/a><\/h2>\t\t<\/div>\n\t\t\t\t<\/div>\n\t\t\t\t<div class=\"elementor-element elementor-element-4e3d128 elementor-widget__width-auto elementor-widget elementor-widget-image\" data-id=\"4e3d128\" data-element_type=\"widget\" data-widget_type=\"image.default\">\n\t\t\t\t<div class=\"elementor-widget-container\">\n\t\t\t\t\t<div class=\"elementor-image\">\n\t\t\t\t\t\t\t\t\t\t\t<a href=\"https:\/\/fariamorouco.pt\/wp-content\/uploads\/2025\/07\/Anexo-VI_Ficha_Operac\u0327a\u0303o_Compete2030_14221_2.pdf\" target=\"_blank\">\n\t\t\t\t\t\t\t<img width=\"580\" height=\"60\" src=\"https:\/\/fariamorouco.pt\/wp-content\/uploads\/2025\/07\/Barra-Assinaturas_CMYK_cor-2-1024x106.jpg\" class=\"attachment-large size-large\" alt=\"\" loading=\"lazy\" srcset=\"https:\/\/fariamorouco.pt\/wp-content\/uploads\/2025\/07\/Barra-Assinaturas_CMYK_cor-2-1024x106.jpg 1024w, https:\/\/fariamorouco.pt\/wp-content\/uploads\/2025\/07\/Barra-Assinaturas_CMYK_cor-2-300x31.jpg 300w, https:\/\/fariamorouco.pt\/wp-content\/uploads\/2025\/07\/Barra-Assinaturas_CMYK_cor-2-768x80.jpg 768w, https:\/\/fariamorouco.pt\/wp-content\/uploads\/2025\/07\/Barra-Assinaturas_CMYK_cor-2-1536x159.jpg 1536w, https:\/\/fariamorouco.pt\/wp-content\/uploads\/2025\/07\/Barra-Assinaturas_CMYK_cor-2-2048x212.jpg 2048w, https:\/\/fariamorouco.pt\/wp-content\/uploads\/2025\/07\/Barra-Assinaturas_CMYK_cor-2-1200x124.jpg 1200w, https:\/\/fariamorouco.pt\/wp-content\/uploads\/2025\/07\/Barra-Assinaturas_CMYK_cor-2-1980x205.jpg 1980w\" sizes=\"(max-width: 580px) 100vw, 580px\" \/>\t\t\t\t\t\t\t\t<\/a>\n\t\t\t\t\t\t\t\t\t\t\t<\/div>\n\t\t\t\t<\/div>\n\t\t\t\t<\/div>\n\t\t\t\t<div class=\"elementor-element elementor-element-da752cc elementor-widget elementor-widget-heading\" data-id=\"da752cc\" data-element_type=\"widget\" data-widget_type=\"heading.default\">\n\t\t\t\t<div class=\"elementor-widget-container\">\n\t\t\t<h2 class=\"elementor-heading-title elementor-size-default\"><a href=\"https:\/\/fariamorouco.pt\/wp-content\/uploads\/2025\/07\/Anexo-VI_Ficha_Operac%CC%A7a%CC%83o_Compete2030_14221_2.pdf\">LightCellFrame\n<\/a><\/h2>\t\t<\/div>\n\t\t\t\t<\/div>\n\t\t\t\t<div class=\"elementor-element elementor-element-4538832 elementor-widget__width-auto elementor-widget elementor-widget-image\" data-id=\"4538832\" data-element_type=\"widget\" data-widget_type=\"image.default\">\n\t\t\t\t<div class=\"elementor-widget-container\">\n\t\t\t\t\t<div class=\"elementor-image\">\n\t\t\t\t\t\t\t\t\t\t\t<a href=\"https:\/\/fariamorouco.pt\/wp-content\/uploads\/2025\/10\/Ficha-Operacao-Centro2030-FM-SIBT.pdf\" target=\"_blank\">\n\t\t\t\t\t\t\t<img width=\"580\" height=\"157\" src=\"https:\/\/fariamorouco.pt\/wp-content\/uploads\/2025\/10\/CENTRO2030_BarraCofinan_Ass_RGB_2600px-1024x277.png\" class=\"attachment-large size-large\" alt=\"\" loading=\"lazy\" srcset=\"https:\/\/fariamorouco.pt\/wp-content\/uploads\/2025\/10\/CENTRO2030_BarraCofinan_Ass_RGB_2600px-1024x277.png 1024w, https:\/\/fariamorouco.pt\/wp-content\/uploads\/2025\/10\/CENTRO2030_BarraCofinan_Ass_RGB_2600px-300x81.png 300w, https:\/\/fariamorouco.pt\/wp-content\/uploads\/2025\/10\/CENTRO2030_BarraCofinan_Ass_RGB_2600px-768x207.png 768w, https:\/\/fariamorouco.pt\/wp-content\/uploads\/2025\/10\/CENTRO2030_BarraCofinan_Ass_RGB_2600px-1200x324.png 1200w, https:\/\/fariamorouco.pt\/wp-content\/uploads\/2025\/10\/CENTRO2030_BarraCofinan_Ass_RGB_2600px.png 1518w\" sizes=\"(max-width: 580px) 100vw, 580px\" \/>\t\t\t\t\t\t\t\t<\/a>\n\t\t\t\t\t\t\t\t\t\t\t<\/div>\n\t\t\t\t<\/div>\n\t\t\t\t<\/div>\n\t\t\t\t<div class=\"elementor-element elementor-element-c0ed650 elementor-widget elementor-widget-heading\" data-id=\"c0ed650\" data-element_type=\"widget\" data-widget_type=\"heading.default\">\n\t\t\t\t<div class=\"elementor-widget-container\">\n\t\t\t<h2 class=\"elementor-heading-title elementor-size-default\"><a href=\"https:\/\/fariamorouco.pt\/wp-content\/uploads\/2025\/10\/Ficha-Operacao-Centro2030-FM-SIBT.pdf\">Ficha Operacao Centro2030 FM SIBT\n<\/a><\/h2>\t\t<\/div>\n\t\t\t\t<\/div>\n\t\t\t\t\t\t<\/div>\n\t\t\t\t\t<\/div>\n\t\t<\/div>\n\t\t\t\t\t\t\t\t<\/div>\n\t\t\t\t\t<\/div>\n\t\t<\/section>\n\t\t\t\t\t\t<\/div>\n\t\t\t\t\t\t<\/div>\n\t\t\t\t\t<\/div>\n\t\t","protected":false},"excerpt":{"rendered":"<p>Liste der finanzierten Projekte Projeto: TTtoSVD &#8211; Transi\u00e7\u00e3o tecnol\u00f3gica para maior sustentabilidade, valor e digitaliza\u00e7\u00e3o da atividade da FM &#8211; CENTRO-04-38D7-FEDER-000056 PRR 48 &#8211; Agenda | R2UTechnologies | modular system PRR 4022 &#8211; FM GREEN PROCESSES AND PRODUCTS LightCellFrame Ficha Operacao Centro2030 FM SIBT<\/p>\n","protected":false},"author":2,"featured_media":0,"parent":0,"menu_order":0,"comment_status":"closed","ping_status":"closed","template":"elementor_header_footer","meta":[],"yoast_head":"<!-- This site is optimized with the Yoast SEO plugin v16.6.1 - https:\/\/yoast.com\/wordpress\/plugins\/seo\/ -->\n<title>Projektliste - Faria &amp; Morou\u00e7o<\/title>\n<meta name=\"robots\" content=\"index, follow, max-snippet:-1, max-image-preview:large, max-video-preview:-1\" \/>\n<link rel=\"canonical\" href=\"https:\/\/fariamorouco.pt\/index.php\/de\/projektliste\/\" \/>\n<meta property=\"og:locale\" content=\"en_US\" \/>\n<meta property=\"og:type\" content=\"article\" \/>\n<meta property=\"og:title\" content=\"Projektliste - Faria &amp; Morou\u00e7o\" \/>\n<meta property=\"og:description\" content=\"Liste der finanzierten Projekte Projeto: TTtoSVD &#8211; Transi\u00e7\u00e3o tecnol\u00f3gica para maior sustentabilidade, valor e digitaliza\u00e7\u00e3o da atividade da FM &#8211; CENTRO-04-38D7-FEDER-000056 PRR 48 &#8211; Agenda | R2UTechnologies | modular system PRR 4022 &#8211; FM GREEN PROCESSES AND PRODUCTS LightCellFrame Ficha Operacao Centro2030 FM SIBT\" \/>\n<meta property=\"og:url\" content=\"https:\/\/fariamorouco.pt\/index.php\/de\/projektliste\/\" \/>\n<meta property=\"og:site_name\" content=\"Faria &amp; Morou\u00e7o\" \/>\n<meta property=\"article:modified_time\" content=\"2025-10-10T16:15:06+00:00\" \/>\n<meta property=\"og:image\" content=\"https:\/\/fariamorouco.pt\/wp-content\/uploads\/2021\/02\/POCentro_PT2020_FEDER_Bom-1024x155.png\" \/>\n<meta name=\"twitter:card\" content=\"summary_large_image\" \/>\n<meta name=\"twitter:label1\" content=\"Est. reading time\" \/>\n\t<meta name=\"twitter:data1\" content=\"2 minutes\" \/>\n<script type=\"application\/ld+json\" class=\"yoast-schema-graph\">{\"@context\":\"https:\/\/schema.org\",\"@graph\":[{\"@type\":\"Organization\",\"@id\":\"https:\/\/fariamorouco.pt\/#organization\",\"name\":\"Faria & Morou\\u00e7o \\u2013 Extrusion & Injection\",\"url\":\"https:\/\/fariamorouco.pt\/\",\"sameAs\":[\"https:\/\/www.linkedin.com\/company\/fariamorouco\/\"],\"logo\":{\"@type\":\"ImageObject\",\"@id\":\"https:\/\/fariamorouco.pt\/#logo\",\"inLanguage\":\"en-US\",\"url\":\"https:\/\/fariamorouco.pt\/wp-content\/uploads\/2021\/03\/cropped-favicon_fm-01.png\",\"contentUrl\":\"https:\/\/fariamorouco.pt\/wp-content\/uploads\/2021\/03\/cropped-favicon_fm-01.png\",\"width\":512,\"height\":512,\"caption\":\"Faria & Morou\\u00e7o \\u2013 Extrusion & Injection\"},\"image\":{\"@id\":\"https:\/\/fariamorouco.pt\/#logo\"}},{\"@type\":\"WebSite\",\"@id\":\"https:\/\/fariamorouco.pt\/#website\",\"url\":\"https:\/\/fariamorouco.pt\/\",\"name\":\"Faria & Morou\\u00e7o \\u2013 Extrusion & Injection\",\"description\":\"Extrusion &amp; Injection\",\"publisher\":{\"@id\":\"https:\/\/fariamorouco.pt\/#organization\"},\"potentialAction\":[{\"@type\":\"SearchAction\",\"target\":{\"@type\":\"EntryPoint\",\"urlTemplate\":\"https:\/\/fariamorouco.pt\/?s={search_term_string}\"},\"query-input\":\"required name=search_term_string\"}],\"inLanguage\":\"en-US\"},{\"@type\":\"ImageObject\",\"@id\":\"https:\/\/fariamorouco.pt\/index.php\/de\/projektliste\/#primaryimage\",\"inLanguage\":\"en-US\",\"url\":\"https:\/\/fariamorouco.pt\/wp-content\/uploads\/2021\/02\/POCentro_PT2020_FEDER_Bom.png\",\"contentUrl\":\"https:\/\/fariamorouco.pt\/wp-content\/uploads\/2021\/02\/POCentro_PT2020_FEDER_Bom.png\",\"width\":3549,\"height\":536},{\"@type\":\"WebPage\",\"@id\":\"https:\/\/fariamorouco.pt\/index.php\/de\/projektliste\/#webpage\",\"url\":\"https:\/\/fariamorouco.pt\/index.php\/de\/projektliste\/\",\"name\":\"Projektliste - Faria &amp; Morou\\u00e7o\",\"isPartOf\":{\"@id\":\"https:\/\/fariamorouco.pt\/#website\"},\"primaryImageOfPage\":{\"@id\":\"https:\/\/fariamorouco.pt\/index.php\/de\/projektliste\/#primaryimage\"},\"datePublished\":\"2024-07-23T13:46:42+00:00\",\"dateModified\":\"2025-10-10T16:15:06+00:00\",\"breadcrumb\":{\"@id\":\"https:\/\/fariamorouco.pt\/index.php\/de\/projektliste\/#breadcrumb\"},\"inLanguage\":\"en-US\",\"potentialAction\":[{\"@type\":\"ReadAction\",\"target\":[\"https:\/\/fariamorouco.pt\/index.php\/de\/projektliste\/\"]}]},{\"@type\":\"BreadcrumbList\",\"@id\":\"https:\/\/fariamorouco.pt\/index.php\/de\/projektliste\/#breadcrumb\",\"itemListElement\":[{\"@type\":\"ListItem\",\"position\":1,\"name\":\"Home\",\"item\":\"https:\/\/fariamorouco.pt\/\"},{\"@type\":\"ListItem\",\"position\":2,\"name\":\"Projektliste\"}]}]}<\/script>\n<!-- \/ Yoast SEO plugin. -->","_links":{"self":[{"href":"https:\/\/fariamorouco.pt\/index.php\/wp-json\/wp\/v2\/pages\/5028"}],"collection":[{"href":"https:\/\/fariamorouco.pt\/index.php\/wp-json\/wp\/v2\/pages"}],"about":[{"href":"https:\/\/fariamorouco.pt\/index.php\/wp-json\/wp\/v2\/types\/page"}],"author":[{"embeddable":true,"href":"https:\/\/fariamorouco.pt\/index.php\/wp-json\/wp\/v2\/users\/2"}],"replies":[{"embeddable":true,"href":"https:\/\/fariamorouco.pt\/index.php\/wp-json\/wp\/v2\/comments?post=5028"}],"version-history":[{"count":22,"href":"https:\/\/fariamorouco.pt\/index.php\/wp-json\/wp\/v2\/pages\/5028\/revisions"}],"predecessor-version":[{"id":5209,"href":"https:\/\/fariamorouco.pt\/index.php\/wp-json\/wp\/v2\/pages\/5028\/revisions\/5209"}],"wp:attachment":[{"href":"https:\/\/fariamorouco.pt\/index.php\/wp-json\/wp\/v2\/media?parent=5028"}],"curies":[{"name":"wp","href":"https:\/\/api.w.org\/{rel}","templated":true}]}}